{"id":6370,"date":"2022-11-09T13:29:04","date_gmt":"2022-11-09T12:29:04","guid":{"rendered":"http:\/\/photoa.nl\/view\/?page_id=6370"},"modified":"2025-10-09T10:48:28","modified_gmt":"2025-10-09T09:48:28","slug":"female-empowerment-photography","status":"publish","type":"page","link":"https:\/\/photoa.nl\/view\/female-empowerment-photography\/","title":{"rendered":"Female Empowerment Photography"},"content":{"rendered":"\n<p><strong>FOTOGRAFIE OM VROUWEN IN HUN KRACHT TE ZIEN<\/strong><\/p>\n\n\n\nngg_shortcode_0_placeholder\n\n\n\n<p>Vind jij het, net als veel vrouwen, lastig om te (laten) zien hoe echt prachtig mooi je bent? <br>Ik verzorg fotoshoots om je te verbinden met jezelf en van daaruit jouw schoonheid en kracht te laten voelen en zien. In een veilige&nbsp; en aangename fotostudio, of buiten in de natuur, en met een positieve energie kun je je helemaal laten zien en zijn zoals jij bedoeld bent. <\/p>\n\n\n\n<p>Ben je vrouwelijk ondernemer? Dan is een female empowerment shoot een mooie gelegenheid om passende foto&#8217;s te maken die je kunt inzetten voor communicatie vanuit je eigen bedrijf. Laat maar zien hoe jij staat voor wat je biedt met je onderneming. We kunnen de fotoshoot ook op jouw eigen locatie doen. <\/p>\n\n\n\n<p><strong>Voel je mooi en empowered!  <\/strong><\/p>\n\n\n\n<blockquote class=\"wp-block-quote is-layout-flow wp-block-quote-is-layout-flow\">\n<p> Je ziet dat er liefde in de foto\u2019s zit. Je ziet dat Annemiek met gevoel fotografeert en dat ze ook haar ziel er in bloot geeft.<br> <em>Rohima<\/em><\/p>\n<\/blockquote>\n\n\n<div class=\"wp-block-image\">\n<figure class=\"alignright size-medium\"><img loading=\"lazy\" decoding=\"async\" width=\"204\" height=\"300\" src=\"https:\/\/photoa.nl\/view\/wp-content\/uploads\/2022\/11\/wallapp-31102022-172006-204x300.jpg\" alt=\"\" class=\"wp-image-6437\" srcset=\"https:\/\/photoa.nl\/view\/wp-content\/uploads\/2022\/11\/wallapp-31102022-172006-204x300.jpg 204w, https:\/\/photoa.nl\/view\/wp-content\/uploads\/2022\/11\/wallapp-31102022-172006.jpg 517w\" sizes=\"auto, (max-width: 204px) 100vw, 204px\" \/><\/figure><\/div>\n\n\n<p><\/p>\n\n\n\n<p>In een <strong>voorbereidend consult<\/strong> bespreken we jouw wensen, idee\u00ebn, onzekerheden en mogelijkheden. Ik stuur je een brochure met alle informatie die je nodig hebt om voor te bereiden.<br>Tijdens de <strong>fotoshoot<\/strong> nemen we de tijd om te landen, te zijn, te spelen en te verbinden met wie je echt bent. Samen cre\u00ebren we beelden waar jij blij van wordt. Foto\u2019s waar jij kracht uit haalt om met nog meer liefde en zachtheid naar jezelf te kijken. <br><strong>Na afloop<\/strong> ontvang je een selectie foto\u2019s. Hier kies je er 3 die je digitaal ontvangt. En je ontvangt 1 foto als mooie fine art print. Meer prints en in een ander formaat en afwerking kan in overleg.<\/p>\n\n\n\n<p>Prijs: \u20ac 375<\/p>\n\n\n\n<p><strong>Interesse?<\/strong> Ik stuur je graag vrijblijvend de brochure toe via email, of bel gerust voor informatie.<\/p>\n\n\n\n<div class=\"wp-block-columns is-layout-flex wp-container-core-columns-is-layout-9d6595d7 wp-block-columns-is-layout-flex\">\n<div class=\"wp-block-column is-layout-flow wp-block-column-is-layout-flow\">\n<p>GUN HET JEZELF, <br>JE BENT HET WAARD<\/p>\n<\/div>\n\n\n\n<div class=\"wp-block-column is-layout-flow wp-block-column-is-layout-flow\">\n<div class=\"wp-block-buttons is-layout-flex wp-block-buttons-is-layout-flex\">\n<div class=\"wp-block-button\"><a class=\"wp-block-button__link wp-element-button\" href=\"https:\/\/photoa.nl\/view\/contact\/\">Boek een shoot<\/a><\/div>\n<\/div>\n<\/div>\n\n\n\n<div class=\"wp-block-column is-layout-flow wp-block-column-is-layout-flow\"><\/div>\n<\/div>\n\n\n\n<p><\/p>\n\n\n\n<blockquote class=\"wp-block-quote is-layout-flow wp-block-quote-is-layout-flow\">\n<p>Op de foto gaan is voor mij geen feestje, maar bij Annemiek w\u00e9l! Annemiek is met volle aandacht aanwezig, staat open voor alle idee\u00ebn waar je zelf mee komt. Binnen en buiten speelt ze met de camera. Aanrader: ga samen met een vriendin, n\u00f3g leuker!<br> <em>Joke<\/em><\/p>\n<\/blockquote>\n\n\n\n<p>Bekijk hier een korte <strong>impressie<\/strong> van de fotoshoots en reacties van geportretteerde vrouwen:<\/p>\n\n\n\n<figure class=\"wp-block-embed is-type-video is-provider-youtube wp-block-embed-youtube wp-embed-aspect-16-9 wp-has-aspect-ratio\"><div class=\"wp-block-embed__wrapper\">\n<iframe loading=\"lazy\" title=\"Female Empowerment Photography\" width=\"660\" height=\"371\" src=\"https:\/\/www.youtube.com\/embed\/xTRbenN6IKI?feature=oembed\" frameborder=\"0\" allow=\"accelerometer; autoplay; clipboard-write; encrypted-media; gyroscope; picture-in-picture; web-share\" referrerpolicy=\"strict-origin-when-cross-origin\" allowfullscreen><\/iframe>\n<\/div><\/figure>\n\n\n\n<p><\/p>\n\n\n\n<p><strong>Mijn passie voor pure en natuurlijke schoonheid<\/strong><\/p>\n\n\n<div class=\"wp-block-image\">\n<figure class=\"alignright size-medium is-resized\"><img decoding=\"async\" src=\"https:\/\/photoa.nl\/view\/wp-content\/uploads\/2022\/11\/PhotoA.nl__DVH5596_m-200x300.jpg\" alt=\"\" class=\"wp-image-7427\" style=\"width:198px;height:297px\"\/><\/figure><\/div>\n\n\n<p>Ik vind het intens jammer dat onze beeldwereld vooral gericht is op uiterlijke schoonheid. Vrouwen worden veel te vaak clich\u00e9 afgebeeld. Hierdoor is het bijna in onze genen gaan zitten om onszelf te vergelijken met het onrealistische vrouwbeeld in de media en door je daarmee te vergelijken jezelf naar beneden te halen. Gelukkig komt er langzaamaan verandering in, maar dat gaat mij niet snel genoeg.<\/p>\n\n\n\n<p>Daarom wil ik dit graag binnenstebuiten keren. Door aandacht voor je innerlijke schoonheid straal je van buiten. Ik wil vrouwen graag hun schoonheid laten zien en zelf laten voelen en ervaren.<\/p>\n\n\n\n<p>Zelf voel ik me dankbaar en blij als ik zie hoe vrouwen reageren als ze zien hoe mooi ik ze heb gefotografeerd. En dat ze dat dus echt zelf zijn. Ik heb alleen maar gekeken. Ok\u00e9, \u00e9n mijn liefde voor schoonheid en kennis van fotografie toegepast. Dan ervaar ik de kracht van fotografie en de schoonheid van jezelf zijn. <\/p>\n\n\n\n<p><strong>Ik wil jou laten stralen en je met trots, liefde en zachtheid jezelf laten zien. <\/strong> <\/p>\n\n\n\n<blockquote class=\"wp-block-quote is-layout-flow wp-block-quote-is-layout-flow\">\n<p>Ik vond het best spannend om als model te staan maar Annemiek zorgde ervoor dat ik me op mijn gemak voelde. Het was een feestje met prachtige foto\u2019s als resultaat.<br> <em>Nancy<\/em> <\/p>\n\n\n\n<p><\/p>\n<\/blockquote>\n","protected":false},"excerpt":{"rendered":"<p>FOTOGRAFIE OM VROUWEN IN HUN KRACHT TE ZIEN Vind jij het, net als veel vrouwen, lastig om te (laten) zien hoe echt prachtig mooi je bent? Ik verzorg fotoshoots om je te verbinden met jezelf en van daaruit jouw schoonheid en kracht te laten voelen en zien. In een veilige&nbsp; &#8230;<\/p>\n","protected":false},"author":1,"featured_media":0,"parent":0,"menu_order":0,"comment_status":"closed","ping_status":"closed","template":"","meta":{"_monsterinsights_skip_tracking":false,"_monsterinsights_sitenote_active":false,"_monsterinsights_sitenote_note":"","_monsterinsights_sitenote_category":0,"ngg_post_thumbnail":0,"footnotes":""},"class_list":["post-6370","page","type-page","status-publish","hentry","column","twocol"],"yoast_head":"<!-- This site is optimized with the Yoast SEO plugin v27.4 - https:\/\/yoast.com\/product\/yoast-seo-wordpress\/ -->\n<title>Female Empowerment Photography - PhotoA.nl - Annemiek van der Kuil Photography<\/title>\n<meta name=\"description\" content=\"Annemiek verzorgt fotoshoots om je te verbinden met jezelf en jouw schoonheid en kracht te laten voelen en zien. Ook voor vrouwelijke ondernemers.\" \/>\n<meta name=\"robots\" content=\"index, follow, max-snippet:-1, max-image-preview:large, max-video-preview:-1\" \/>\n<link rel=\"canonical\" href=\"https:\/\/photoa.nl\/view\/female-empowerment-photography\/\" \/>\n<meta property=\"og:locale\" content=\"en_US\" \/>\n<meta property=\"og:type\" content=\"article\" \/>\n<meta property=\"og:title\" content=\"Female Empowerment Photography - PhotoA.nl - Annemiek van der Kuil Photography\" \/>\n<meta property=\"og:description\" content=\"Annemiek verzorgt fotoshoots om je te verbinden met jezelf en jouw schoonheid en kracht te laten voelen en zien. Ook voor vrouwelijke ondernemers.\" \/>\n<meta property=\"og:url\" content=\"https:\/\/photoa.nl\/view\/female-empowerment-photography\/\" \/>\n<meta property=\"og:site_name\" content=\"PhotoA.nl - Annemiek van der Kuil Photography\" \/>\n<meta property=\"article:modified_time\" content=\"2025-10-09T09:48:28+00:00\" \/>\n<meta property=\"og:image\" content=\"http:\/\/photoa.nl\/view\/wp-content\/uploads\/2022\/11\/wallapp-31102022-172006-204x300.jpg\" \/>\n<meta name=\"twitter:label1\" content=\"Est. reading time\" \/>\n\t<meta name=\"twitter:data1\" content=\"3 minutes\" \/>\n<script type=\"application\/ld+json\" class=\"yoast-schema-graph\">{\"@context\":\"https:\\\/\\\/schema.org\",\"@graph\":[{\"@type\":\"WebPage\",\"@id\":\"https:\\\/\\\/photoa.nl\\\/view\\\/female-empowerment-photography\\\/\",\"url\":\"https:\\\/\\\/photoa.nl\\\/view\\\/female-empowerment-photography\\\/\",\"name\":\"Female Empowerment Photography - PhotoA.nl - Annemiek van der Kuil Photography\",\"isPartOf\":{\"@id\":\"https:\\\/\\\/photoa.nl\\\/view\\\/#website\"},\"primaryImageOfPage\":{\"@id\":\"https:\\\/\\\/photoa.nl\\\/view\\\/female-empowerment-photography\\\/#primaryimage\"},\"image\":{\"@id\":\"https:\\\/\\\/photoa.nl\\\/view\\\/female-empowerment-photography\\\/#primaryimage\"},\"thumbnailUrl\":\"http:\\\/\\\/photoa.nl\\\/view\\\/wp-content\\\/uploads\\\/2022\\\/11\\\/wallapp-31102022-172006-204x300.jpg\",\"datePublished\":\"2022-11-09T12:29:04+00:00\",\"dateModified\":\"2025-10-09T09:48:28+00:00\",\"description\":\"Annemiek verzorgt fotoshoots om je te verbinden met jezelf en jouw schoonheid en kracht te laten voelen en zien. Ook voor vrouwelijke ondernemers.\",\"inLanguage\":\"en-US\",\"potentialAction\":[{\"@type\":\"ReadAction\",\"target\":[\"https:\\\/\\\/photoa.nl\\\/view\\\/female-empowerment-photography\\\/\"]}]},{\"@type\":\"ImageObject\",\"inLanguage\":\"en-US\",\"@id\":\"https:\\\/\\\/photoa.nl\\\/view\\\/female-empowerment-photography\\\/#primaryimage\",\"url\":\"http:\\\/\\\/photoa.nl\\\/view\\\/wp-content\\\/uploads\\\/2022\\\/11\\\/wallapp-31102022-172006-204x300.jpg\",\"contentUrl\":\"http:\\\/\\\/photoa.nl\\\/view\\\/wp-content\\\/uploads\\\/2022\\\/11\\\/wallapp-31102022-172006-204x300.jpg\"},{\"@type\":\"WebSite\",\"@id\":\"https:\\\/\\\/photoa.nl\\\/view\\\/#website\",\"url\":\"https:\\\/\\\/photoa.nl\\\/view\\\/\",\"name\":\"PhotoA.nl - Annemiek van der Kuil Photography\",\"description\":\"\",\"publisher\":{\"@id\":\"https:\\\/\\\/photoa.nl\\\/view\\\/#\\\/schema\\\/person\\\/05acd2eb79d2f94a7647579b5675fb26\"},\"potentialAction\":[{\"@type\":\"SearchAction\",\"target\":{\"@type\":\"EntryPoint\",\"urlTemplate\":\"https:\\\/\\\/photoa.nl\\\/view\\\/?s={search_term_string}\"},\"query-input\":{\"@type\":\"PropertyValueSpecification\",\"valueRequired\":true,\"valueName\":\"search_term_string\"}}],\"inLanguage\":\"en-US\"},{\"@type\":[\"Person\",\"Organization\"],\"@id\":\"https:\\\/\\\/photoa.nl\\\/view\\\/#\\\/schema\\\/person\\\/05acd2eb79d2f94a7647579b5675fb26\",\"name\":\"avanderkuil\",\"image\":{\"@type\":\"ImageObject\",\"inLanguage\":\"en-US\",\"@id\":\"https:\\\/\\\/photoa.nl\\\/view\\\/wp-content\\\/uploads\\\/2025\\\/07\\\/PhotoA_logo_Sas_AvdK_s.jpg\",\"url\":\"https:\\\/\\\/photoa.nl\\\/view\\\/wp-content\\\/uploads\\\/2025\\\/07\\\/PhotoA_logo_Sas_AvdK_s.jpg\",\"contentUrl\":\"https:\\\/\\\/photoa.nl\\\/view\\\/wp-content\\\/uploads\\\/2025\\\/07\\\/PhotoA_logo_Sas_AvdK_s.jpg\",\"width\":627,\"height\":458,\"caption\":\"avanderkuil\"},\"logo\":{\"@id\":\"https:\\\/\\\/photoa.nl\\\/view\\\/wp-content\\\/uploads\\\/2025\\\/07\\\/PhotoA_logo_Sas_AvdK_s.jpg\"},\"sameAs\":[\"http:\\\/\\\/www.photoa.nl\",\"https:\\\/\\\/www.instagram.com\\\/photoa.nl\\\/\"]}]}<\/script>\n<!-- \/ Yoast SEO plugin. -->","yoast_head_json":{"title":"Female Empowerment Photography - PhotoA.nl - Annemiek van der Kuil Photography","description":"Annemiek verzorgt fotoshoots om je te verbinden met jezelf en jouw schoonheid en kracht te laten voelen en zien. Ook voor vrouwelijke ondernemers.","robots":{"index":"index","follow":"follow","max-snippet":"max-snippet:-1","max-image-preview":"max-image-preview:large","max-video-preview":"max-video-preview:-1"},"canonical":"https:\/\/photoa.nl\/view\/female-empowerment-photography\/","og_locale":"en_US","og_type":"article","og_title":"Female Empowerment Photography - PhotoA.nl - Annemiek van der Kuil Photography","og_description":"Annemiek verzorgt fotoshoots om je te verbinden met jezelf en jouw schoonheid en kracht te laten voelen en zien. Ook voor vrouwelijke ondernemers.","og_url":"https:\/\/photoa.nl\/view\/female-empowerment-photography\/","og_site_name":"PhotoA.nl - Annemiek van der Kuil Photography","article_modified_time":"2025-10-09T09:48:28+00:00","og_image":[{"url":"http:\/\/photoa.nl\/view\/wp-content\/uploads\/2022\/11\/wallapp-31102022-172006-204x300.jpg","type":"","width":"","height":""}],"twitter_misc":{"Est. reading time":"3 minutes"},"schema":{"@context":"https:\/\/schema.org","@graph":[{"@type":"WebPage","@id":"https:\/\/photoa.nl\/view\/female-empowerment-photography\/","url":"https:\/\/photoa.nl\/view\/female-empowerment-photography\/","name":"Female Empowerment Photography - PhotoA.nl - Annemiek van der Kuil Photography","isPartOf":{"@id":"https:\/\/photoa.nl\/view\/#website"},"primaryImageOfPage":{"@id":"https:\/\/photoa.nl\/view\/female-empowerment-photography\/#primaryimage"},"image":{"@id":"https:\/\/photoa.nl\/view\/female-empowerment-photography\/#primaryimage"},"thumbnailUrl":"http:\/\/photoa.nl\/view\/wp-content\/uploads\/2022\/11\/wallapp-31102022-172006-204x300.jpg","datePublished":"2022-11-09T12:29:04+00:00","dateModified":"2025-10-09T09:48:28+00:00","description":"Annemiek verzorgt fotoshoots om je te verbinden met jezelf en jouw schoonheid en kracht te laten voelen en zien. Ook voor vrouwelijke ondernemers.","inLanguage":"en-US","potentialAction":[{"@type":"ReadAction","target":["https:\/\/photoa.nl\/view\/female-empowerment-photography\/"]}]},{"@type":"ImageObject","inLanguage":"en-US","@id":"https:\/\/photoa.nl\/view\/female-empowerment-photography\/#primaryimage","url":"http:\/\/photoa.nl\/view\/wp-content\/uploads\/2022\/11\/wallapp-31102022-172006-204x300.jpg","contentUrl":"http:\/\/photoa.nl\/view\/wp-content\/uploads\/2022\/11\/wallapp-31102022-172006-204x300.jpg"},{"@type":"WebSite","@id":"https:\/\/photoa.nl\/view\/#website","url":"https:\/\/photoa.nl\/view\/","name":"PhotoA.nl - Annemiek van der Kuil Photography","description":"","publisher":{"@id":"https:\/\/photoa.nl\/view\/#\/schema\/person\/05acd2eb79d2f94a7647579b5675fb26"},"potentialAction":[{"@type":"SearchAction","target":{"@type":"EntryPoint","urlTemplate":"https:\/\/photoa.nl\/view\/?s={search_term_string}"},"query-input":{"@type":"PropertyValueSpecification","valueRequired":true,"valueName":"search_term_string"}}],"inLanguage":"en-US"},{"@type":["Person","Organization"],"@id":"https:\/\/photoa.nl\/view\/#\/schema\/person\/05acd2eb79d2f94a7647579b5675fb26","name":"avanderkuil","image":{"@type":"ImageObject","inLanguage":"en-US","@id":"https:\/\/photoa.nl\/view\/wp-content\/uploads\/2025\/07\/PhotoA_logo_Sas_AvdK_s.jpg","url":"https:\/\/photoa.nl\/view\/wp-content\/uploads\/2025\/07\/PhotoA_logo_Sas_AvdK_s.jpg","contentUrl":"https:\/\/photoa.nl\/view\/wp-content\/uploads\/2025\/07\/PhotoA_logo_Sas_AvdK_s.jpg","width":627,"height":458,"caption":"avanderkuil"},"logo":{"@id":"https:\/\/photoa.nl\/view\/wp-content\/uploads\/2025\/07\/PhotoA_logo_Sas_AvdK_s.jpg"},"sameAs":["http:\/\/www.photoa.nl","https:\/\/www.instagram.com\/photoa.nl\/"]}]}},"_links":{"self":[{"href":"https:\/\/photoa.nl\/view\/wp-json\/wp\/v2\/pages\/6370","targetHints":{"allow":["GET"]}}],"collection":[{"href":"https:\/\/photoa.nl\/view\/wp-json\/wp\/v2\/pages"}],"about":[{"href":"https:\/\/photoa.nl\/view\/wp-json\/wp\/v2\/types\/page"}],"author":[{"embeddable":true,"href":"https:\/\/photoa.nl\/view\/wp-json\/wp\/v2\/users\/1"}],"replies":[{"embeddable":true,"href":"https:\/\/photoa.nl\/view\/wp-json\/wp\/v2\/comments?post=6370"}],"version-history":[{"count":40,"href":"https:\/\/photoa.nl\/view\/wp-json\/wp\/v2\/pages\/6370\/revisions"}],"predecessor-version":[{"id":8779,"href":"https:\/\/photoa.nl\/view\/wp-json\/wp\/v2\/pages\/6370\/revisions\/8779"}],"wp:attachment":[{"href":"https:\/\/photoa.nl\/view\/wp-json\/wp\/v2\/media?parent=6370"}],"curies":[{"name":"wp","href":"https:\/\/api.w.org\/{rel}","templated":true}]}}